{"id":2362,"date":"2025-05-25T22:14:31","date_gmt":"2025-05-26T01:14:31","guid":{"rendered":"https:\/\/localhost\/salinas-v3-blog\/?page_id=2362"},"modified":"2025-09-16T18:03:25","modified_gmt":"2025-09-16T21:03:25","slug":"homepage","status":"publish","type":"page","link":"https:\/\/www.salinas.com.br\/blog\/","title":{"rendered":"Homepage"},"content":{"rendered":"","protected":false},"excerpt":{"rendered":"","protected":false},"author":15,"featured_media":0,"parent":0,"menu_order":0,"comment_status":"closed","ping_status":"closed","template":"home.php","meta":{"footnotes":""},"class_list":["post-2362","page","type-page","status-publish","hentry"],"acf":[],"yoast_head":"<!-- This site is optimized with the Yoast SEO plugin v20.9 - https:\/\/yoast.com\/wordpress\/plugins\/seo\/ -->\n<title>Dicas de viagem pra curtir as f\u00e9rias em fam\u00edlia em Alagoas<\/title>\n<meta name=\"description\" content=\"No blog dos resorts Salinas voc\u00ea encontra as principais dicas de viagem pra aproveitar os melhores destinos de Alagoas, Maragogi e Macei\u00f3!\" \/>\n<meta name=\"robots\" content=\"index, follow, max-snippet:-1, max-image-preview:large, max-video-preview:-1\" \/>\n<link rel=\"canonical\" href=\"https:\/\/www.salinas.com.br\/blog\/\" \/>\n<meta property=\"og:locale\" content=\"pt_BR\" \/>\n<meta property=\"og:type\" content=\"article\" \/>\n<meta property=\"og:title\" content=\"Dicas de viagem pra curtir as f\u00e9rias em fam\u00edlia em Alagoas\" \/>\n<meta property=\"og:description\" content=\"No blog dos resorts Salinas voc\u00ea encontra as principais dicas de viagem pra aproveitar os melhores destinos de Alagoas, Maragogi e Macei\u00f3!\" \/>\n<meta property=\"og:url\" content=\"https:\/\/www.salinas.com.br\/blog\/\" \/>\n<meta property=\"og:site_name\" content=\"Amarante\" \/>\n<meta property=\"article:modified_time\" content=\"2025-09-16T21:03:25+00:00\" \/>\n<meta name=\"twitter:card\" content=\"summary_large_image\" \/>\n<script type=\"application\/ld+json\" class=\"yoast-schema-graph\">{\"@context\":\"https:\/\/schema.org\",\"@graph\":[{\"@type\":\"WebPage\",\"@id\":\"https:\/\/www.salinas.com.br\/blog\/\",\"url\":\"https:\/\/www.salinas.com.br\/blog\/\",\"name\":\"Dicas de viagem pra curtir as f\u00e9rias em fam\u00edlia em Alagoas\",\"isPartOf\":{\"@id\":\"https:\/\/www.salinas.com.br\/blog\/#website\"},\"datePublished\":\"2025-05-26T01:14:31+00:00\",\"dateModified\":\"2025-09-16T21:03:25+00:00\",\"description\":\"No blog dos resorts Salinas voc\u00ea encontra as principais dicas de viagem pra aproveitar os melhores destinos de Alagoas, Maragogi e Macei\u00f3!\",\"breadcrumb\":{\"@id\":\"https:\/\/www.salinas.com.br\/blog\/#breadcrumb\"},\"inLanguage\":\"pt-BR\",\"potentialAction\":[{\"@type\":\"ReadAction\",\"target\":[\"https:\/\/www.salinas.com.br\/blog\/\"]}]},{\"@type\":\"BreadcrumbList\",\"@id\":\"https:\/\/www.salinas.com.br\/blog\/#breadcrumb\",\"itemListElement\":[{\"@type\":\"ListItem\",\"position\":1,\"name\":\"In\u00edcio\",\"item\":\"https:\/\/www.salinas.com.br\/blog\/\"},{\"@type\":\"ListItem\",\"position\":2,\"name\":\"Homepage\"}]},{\"@type\":\"WebSite\",\"@id\":\"https:\/\/www.salinas.com.br\/blog\/#website\",\"url\":\"https:\/\/www.salinas.com.br\/blog\/\",\"name\":\"Amarante\",\"description\":\"\",\"potentialAction\":[{\"@type\":\"SearchAction\",\"target\":{\"@type\":\"EntryPoint\",\"urlTemplate\":\"https:\/\/www.salinas.com.br\/blog\/?s={search_term_string}\"},\"query-input\":\"required name=search_term_string\"}],\"inLanguage\":\"pt-BR\"}]}<\/script>\n<!-- \/ Yoast SEO plugin. -->","yoast_head_json":{"title":"Dicas de viagem pra curtir as f\u00e9rias em fam\u00edlia em Alagoas","description":"No blog dos resorts Salinas voc\u00ea encontra as principais dicas de viagem pra aproveitar os melhores destinos de Alagoas, Maragogi e Macei\u00f3!","robots":{"index":"index","follow":"follow","max-snippet":"max-snippet:-1","max-image-preview":"max-image-preview:large","max-video-preview":"max-video-preview:-1"},"canonical":"https:\/\/www.salinas.com.br\/blog\/","og_locale":"pt_BR","og_type":"article","og_title":"Dicas de viagem pra curtir as f\u00e9rias em fam\u00edlia em Alagoas","og_description":"No blog dos resorts Salinas voc\u00ea encontra as principais dicas de viagem pra aproveitar os melhores destinos de Alagoas, Maragogi e Macei\u00f3!","og_url":"https:\/\/www.salinas.com.br\/blog\/","og_site_name":"Amarante","article_modified_time":"2025-09-16T21:03:25+00:00","twitter_card":"summary_large_image","schema":{"@context":"https:\/\/schema.org","@graph":[{"@type":"WebPage","@id":"https:\/\/www.salinas.com.br\/blog\/","url":"https:\/\/www.salinas.com.br\/blog\/","name":"Dicas de viagem pra curtir as f\u00e9rias em fam\u00edlia em Alagoas","isPartOf":{"@id":"https:\/\/www.salinas.com.br\/blog\/#website"},"datePublished":"2025-05-26T01:14:31+00:00","dateModified":"2025-09-16T21:03:25+00:00","description":"No blog dos resorts Salinas voc\u00ea encontra as principais dicas de viagem pra aproveitar os melhores destinos de Alagoas, Maragogi e Macei\u00f3!","breadcrumb":{"@id":"https:\/\/www.salinas.com.br\/blog\/#breadcrumb"},"inLanguage":"pt-BR","potentialAction":[{"@type":"ReadAction","target":["https:\/\/www.salinas.com.br\/blog\/"]}]},{"@type":"BreadcrumbList","@id":"https:\/\/www.salinas.com.br\/blog\/#breadcrumb","itemListElement":[{"@type":"ListItem","position":1,"name":"In\u00edcio","item":"https:\/\/www.salinas.com.br\/blog\/"},{"@type":"ListItem","position":2,"name":"Homepage"}]},{"@type":"WebSite","@id":"https:\/\/www.salinas.com.br\/blog\/#website","url":"https:\/\/www.salinas.com.br\/blog\/","name":"Amarante","description":"","potentialAction":[{"@type":"SearchAction","target":{"@type":"EntryPoint","urlTemplate":"https:\/\/www.salinas.com.br\/blog\/?s={search_term_string}"},"query-input":"required name=search_term_string"}],"inLanguage":"pt-BR"}]}},"_links":{"self":[{"href":"https:\/\/www.salinas.com.br\/blog\/wp-json\/wp\/v2\/pages\/2362","targetHints":{"allow":["GET"]}}],"collection":[{"href":"https:\/\/www.salinas.com.br\/blog\/wp-json\/wp\/v2\/pages"}],"about":[{"href":"https:\/\/www.salinas.com.br\/blog\/wp-json\/wp\/v2\/types\/page"}],"author":[{"embeddable":true,"href":"https:\/\/www.salinas.com.br\/blog\/wp-json\/wp\/v2\/users\/15"}],"replies":[{"embeddable":true,"href":"https:\/\/www.salinas.com.br\/blog\/wp-json\/wp\/v2\/comments?post=2362"}],"version-history":[{"count":5,"href":"https:\/\/www.salinas.com.br\/blog\/wp-json\/wp\/v2\/pages\/2362\/revisions"}],"predecessor-version":[{"id":3106,"href":"https:\/\/www.salinas.com.br\/blog\/wp-json\/wp\/v2\/pages\/2362\/revisions\/3106"}],"wp:attachment":[{"href":"https:\/\/www.salinas.com.br\/blog\/wp-json\/wp\/v2\/media?parent=2362"}],"curies":[{"name":"wp","href":"https:\/\/api.w.org\/{rel}","templated":true}]}}